{"id":213,"date":"2025-08-31T17:22:38","date_gmt":"2025-08-31T15:22:38","guid":{"rendered":"https:\/\/accesstogravity.hu\/?post_type=product&#038;p=213"},"modified":"2026-03-26T13:44:34","modified_gmt":"2026-03-26T11:44:34","slug":"access-to-gravity-riport-fogl-marton-revesz-sandor","status":"publish","type":"product","link":"https:\/\/accesstogravity.hu\/en\/product\/access-to-gravity-riport-fogl-marton-revesz-sandor\/","title":{"rendered":"Access to Gravity \/ REPORT<h3> FOGL M\u00c1RTON<br> R\u00c9V\u00c9SZ S\u00c1NDOR <\/h3>"},"content":{"rendered":"<p>The experience of gravity threw me out of the seemingly stable and fi xed frames of consciousness \u2013 aft er having put me into\na state of balance experienced from within, without question mark or need for explanation. \u2026\nEverything is alright, our body directly communicates it \u2013 through gravity.<br \/>\n\u2013 S\u00e1ndor R\u00e9v\u00e9sz<\/p>\n<p>A narrator is sometimes needed to get a story started, \u201copened\u201d \u2013 and that\u2019s who I am now. But not because I bring the wisdom of some fi ctitious expert to explain some deeplayered information that\u2019s inaccessible to the uninitiated. In fact, quite the opposite. I\u2019m here precisely because I know nothing.<br \/>\n\u2013 M\u00e1rton Fogl<\/p>","protected":false},"excerpt":{"rendered":"<p>A gravit\u00e1ci\u00f3 \u00e9lm\u00e9nyem kibillentett a tudat addig stabilnak v\u00e9lt, biztosnak tudott kereteib\u0151l \u2013 miut\u00e1n belehelyezett a bel\u00fclr\u0151l megtapasztalt egyens\u00faly k\u00e9rd\u0151jel \u00e9s magyar\u00e1zatig\u00e9ny n\u00e9lk\u00fcli \u00e1llapot\u00e1ba. \u2026 Minden rendben van, k\u00f6zvet\u00edti test\u00fcnk k\u00f6zvetlens\u00e9g\u00e9ben \u2013 a gravit\u00e1ci\u00f3. &#8211; R\u00e9v\u00e9sz S\u00e1ndor N\u00e9ha egy narr\u00e1tor kell, hogy megny\u00edljon egy t\u00f6rt\u00e9net \u2013 ez lenn\u00e9k most \u00e9n. Na nem az\u00e9rt, mintha a&#8230;<\/p>","protected":false},"featured_media":812,"template":"","meta":[],"product_brand":[],"product_cat":[40],"product_tag":[],"class_list":{"0":"post-213","1":"product","2":"type-product","3":"status-publish","4":"has-post-thumbnail","6":"product_cat-konyv","8":"first","9":"instock","10":"shipping-taxable","11":"purchasable","12":"product-type-variable"},"aioseo_notices":[],"_links":{"self":[{"href":"https:\/\/accesstogravity.hu\/en\/wp-json\/wp\/v2\/product\/213","targetHints":{"allow":["GET"]}}],"collection":[{"href":"https:\/\/accesstogravity.hu\/en\/wp-json\/wp\/v2\/product"}],"about":[{"href":"https:\/\/accesstogravity.hu\/en\/wp-json\/wp\/v2\/types\/product"}],"wp:featuredmedia":[{"embeddable":true,"href":"https:\/\/accesstogravity.hu\/en\/wp-json\/wp\/v2\/media\/812"}],"wp:attachment":[{"href":"https:\/\/accesstogravity.hu\/en\/wp-json\/wp\/v2\/media?parent=213"}],"wp:term":[{"taxonomy":"product_brand","embeddable":true,"href":"https:\/\/accesstogravity.hu\/en\/wp-json\/wp\/v2\/product_brand?post=213"},{"taxonomy":"product_cat","embeddable":true,"href":"https:\/\/accesstogravity.hu\/en\/wp-json\/wp\/v2\/product_cat?post=213"},{"taxonomy":"product_tag","embeddable":true,"href":"https:\/\/accesstogravity.hu\/en\/wp-json\/wp\/v2\/product_tag?post=213"}],"curies":[{"name":"wp","href":"https:\/\/api.w.org\/{rel}","templated":true}]}}